{"id":3571,"date":"2024-01-02T19:50:12","date_gmt":"2024-01-02T18:50:12","guid":{"rendered":"https:\/\/jlpimmo.be\/?page_id=3571"},"modified":"2024-01-27T12:32:16","modified_gmt":"2024-01-27T11:32:16","slug":"baisieux","status":"publish","type":"page","link":"https:\/\/jlpimmo.be\/?page_id=3571","title":{"rendered":"Baisieux"},"content":{"rendered":"\t\t<div data-elementor-type=\"wp-page\" data-elementor-id=\"3571\" class=\"elementor elementor-3571\">\n\t\t\t\t\t\t\t<div class=\"elementor-element elementor-element-d30179c e-flex e-con-boxed e-con e-parent\" data-id=\"d30179c\" data-element_type=\"container\" data-settings=\"{&quot;content_width&quot;:&quot;boxed&quot;}\" data-core-v316-plus=\"true\">\n\t\t\t\t\t<div class=\"e-con-inner\">\n\t\t\t\t<div class=\"elementor-element elementor-element-f27562c elementor-widget elementor-widget-heading\" data-id=\"f27562c\" data-element_type=\"widget\" data-widget_type=\"heading.default\">\n\t\t\t\t<div class=\"elementor-widget-container\">\n\t\t\t<style>\/*! elementor - v3.18.0 - 20-12-2023 *\/\n.elementor-heading-title{padding:0;margin:0;line-height:1}.elementor-widget-heading .elementor-heading-title[class*=elementor-size-]>a{color:inherit;font-size:inherit;line-height:inherit}.elementor-widget-heading .elementor-heading-title.elementor-size-small{font-size:15px}.elementor-widget-heading .elementor-heading-title.elementor-size-medium{font-size:19px}.elementor-widget-heading .elementor-heading-title.elementor-size-large{font-size:29px}.elementor-widget-heading .elementor-heading-title.elementor-size-xl{font-size:39px}.elementor-widget-heading .elementor-heading-title.elementor-size-xxl{font-size:59px}<\/style><h4 class=\"elementor-heading-title elementor-size-default\">Bloc de 12 appartements 1 et 2 chambres<\/h4>\t\t<\/div>\n\t\t\t\t<\/div>\n\t\t\t\t\t<\/div>\n\t\t\t\t<\/div>\n\t\t<div class=\"elementor-element elementor-element-d507247 e-flex e-con-boxed e-con e-parent\" data-id=\"d507247\" data-element_type=\"container\" data-settings=\"{&quot;content_width&quot;:&quot;boxed&quot;}\" data-core-v316-plus=\"true\">\n\t\t\t\t\t<div class=\"e-con-inner\">\n\t\t\t\t<div class=\"elementor-element elementor-element-27f6ae0 elementor-widget elementor-widget-text-editor\" data-id=\"27f6ae0\" data-element_type=\"widget\" data-widget_type=\"text-editor.default\">\n\t\t\t\t<div class=\"elementor-widget-container\">\n\t\t\t<style>\/*! elementor - v3.18.0 - 20-12-2023 *\/\n.elementor-widget-text-editor.elementor-drop-cap-view-stacked .elementor-drop-cap{background-color:#69727d;color:#fff}.elementor-widget-text-editor.elementor-drop-cap-view-framed .elementor-drop-cap{color:#69727d;border:3px solid;background-color:transparent}.elementor-widget-text-editor:not(.elementor-drop-cap-view-default) .elementor-drop-cap{margin-top:8px}.elementor-widget-text-editor:not(.elementor-drop-cap-view-default) .elementor-drop-cap-letter{width:1em;height:1em}.elementor-widget-text-editor .elementor-drop-cap{float:left;text-align:center;line-height:1;font-size:50px}.elementor-widget-text-editor .elementor-drop-cap-letter{display:inline-block}<\/style>\t\t\t\t<p>D\u00e9couvrez nos 12 appartements \u00e0 louer, o\u00f9 confort et modernit\u00e9 se rencontrent.Chaque r\u00e9sidence propose chauffage int\u00e9gr\u00e9, 1 \u00e0 2 chambres, des ch\u00e2ssis double vitrage en aluminium, un balcon, et une cuisine enti\u00e8rement \u00e9quip\u00e9e.Construction pr\u00e9vue en 2024, ces espaces offrent une exp\u00e9rience de vie contemporaine et pratique. Trouvez votre nouvel environnement d\u00e8s maintenant.<\/p>\t\t\t\t\t\t<\/div>\n\t\t\t\t<\/div>\n\t\t\t\t\t<\/div>\n\t\t\t\t<\/div>\n\t\t<div class=\"elementor-element elementor-element-191467b e-flex e-con-boxed e-con e-parent\" data-id=\"191467b\" data-element_type=\"container\" data-settings=\"{&quot;content_width&quot;:&quot;boxed&quot;}\" data-core-v316-plus=\"true\">\n\t\t\t\t\t<div class=\"e-con-inner\">\n\t\t<div class=\"elementor-element elementor-element-6ef61ea e-con-full e-flex e-con e-child\" data-id=\"6ef61ea\" data-element_type=\"container\" data-settings=\"{&quot;content_width&quot;:&quot;full&quot;}\">\n\t\t\t\t<div class=\"elementor-element elementor-element-5ec1bc0 elementor-widget elementor-widget-image\" data-id=\"5ec1bc0\" data-element_type=\"widget\" data-widget_type=\"image.default\">\n\t\t\t\t<div class=\"elementor-widget-container\">\n\t\t\t<style>\/*! elementor - v3.18.0 - 20-12-2023 *\/\n.elementor-widget-image{text-align:center}.elementor-widget-image a{display:inline-block}.elementor-widget-image a img[src$=\".svg\"]{width:48px}.elementor-widget-image img{vertical-align:middle;display:inline-block}<\/style>\t\t\t\t\t\t\t\t\t\t\t\t<img fetchpriority=\"high\" decoding=\"async\" width=\"1024\" height=\"576\" src=\"https:\/\/jlpimmo.be\/wp-content\/uploads\/2024\/01\/VUE-AVANT-1024x576.jpg\" class=\"attachment-large size-large wp-image-3715\" alt=\"\" srcset=\"https:\/\/jlpimmo.be\/wp-content\/uploads\/2024\/01\/VUE-AVANT-1024x576.jpg 1024w, https:\/\/jlpimmo.be\/wp-content\/uploads\/2024\/01\/VUE-AVANT-300x169.jpg 300w, https:\/\/jlpimmo.be\/wp-content\/uploads\/2024\/01\/VUE-AVANT-768x432.jpg 768w, https:\/\/jlpimmo.be\/wp-content\/uploads\/2024\/01\/VUE-AVANT-1536x864.jpg 1536w, https:\/\/jlpimmo.be\/wp-content\/uploads\/2024\/01\/VUE-AVANT-2048x1152.jpg 2048w\" sizes=\"(max-width: 1024px) 100vw, 1024px\" \/>\t\t\t\t\t\t\t\t\t\t\t\t\t\t\t<\/div>\n\t\t\t\t<\/div>\n\t\t\t\t<\/div>\n\t\t<div class=\"elementor-element elementor-element-6a79623 e-con-full e-flex e-con e-child\" data-id=\"6a79623\" data-element_type=\"container\" data-settings=\"{&quot;content_width&quot;:&quot;full&quot;}\">\n\t\t\t\t<div class=\"elementor-element elementor-element-18f0ced elementor-widget elementor-widget-image\" data-id=\"18f0ced\" data-element_type=\"widget\" data-widget_type=\"image.default\">\n\t\t\t\t<div class=\"elementor-widget-container\">\n\t\t\t\t\t\t\t\t\t\t\t\t\t\t\t<img decoding=\"async\" width=\"1024\" height=\"576\" src=\"https:\/\/jlpimmo.be\/wp-content\/uploads\/2024\/01\/VUE-ARRIERE-1024x576.jpg\" class=\"attachment-large size-large wp-image-3716\" alt=\"\" srcset=\"https:\/\/jlpimmo.be\/wp-content\/uploads\/2024\/01\/VUE-ARRIERE-1024x576.jpg 1024w, https:\/\/jlpimmo.be\/wp-content\/uploads\/2024\/01\/VUE-ARRIERE-300x169.jpg 300w, https:\/\/jlpimmo.be\/wp-content\/uploads\/2024\/01\/VUE-ARRIERE-768x432.jpg 768w, https:\/\/jlpimmo.be\/wp-content\/uploads\/2024\/01\/VUE-ARRIERE-1536x864.jpg 1536w, https:\/\/jlpimmo.be\/wp-content\/uploads\/2024\/01\/VUE-ARRIERE-2048x1152.jpg 2048w\" sizes=\"(max-width: 1024px) 100vw, 1024px\" \/>\t\t\t\t\t\t\t\t\t\t\t\t\t\t\t<\/div>\n\t\t\t\t<\/div>\n\t\t\t\t<\/div>\n\t\t\t\t\t<\/div>\n\t\t\t\t<\/div>\n\t\t<div class=\"elementor-element elementor-element-9347cc4 e-flex e-con-boxed e-con e-parent\" data-id=\"9347cc4\" data-element_type=\"container\" data-settings=\"{&quot;content_width&quot;:&quot;boxed&quot;}\" data-core-v316-plus=\"true\">\n\t\t\t\t\t<div class=\"e-con-inner\">\n\t\t\t\t<div class=\"elementor-element elementor-element-a5123f4 elementor-widget elementor-widget-text-editor\" data-id=\"a5123f4\" data-element_type=\"widget\" data-widget_type=\"text-editor.default\">\n\t\t\t\t<div class=\"elementor-widget-container\">\n\t\t\t\t\t\t\t<p>Prix :\u00a0<\/p>\t\t\t\t\t\t<\/div>\n\t\t\t\t<\/div>\n\t\t\t\t\t<\/div>\n\t\t\t\t<\/div>\n\t\t<div class=\"elementor-element elementor-element-dbcc46d e-flex e-con-boxed e-con e-parent\" data-id=\"dbcc46d\" data-element_type=\"container\" data-settings=\"{&quot;background_background&quot;:&quot;classic&quot;,&quot;content_width&quot;:&quot;boxed&quot;}\" data-core-v316-plus=\"true\">\n\t\t\t\t\t<div class=\"e-con-inner\">\n\t\t<div class=\"elementor-element elementor-element-d48c0c7 e-con-full e-flex e-con e-child\" data-id=\"d48c0c7\" data-element_type=\"container\" data-settings=\"{&quot;content_width&quot;:&quot;full&quot;}\">\n\t\t\t\t<div class=\"elementor-element elementor-element-10ec24f elementor-widget elementor-widget-hendon_core_icon_with_text\" data-id=\"10ec24f\" data-element_type=\"widget\" data-widget_type=\"hendon_core_icon_with_text.default\">\n\t\t\t\t<div class=\"elementor-widget-container\">\n\t\t\t<div class=\"qodef-shortcode qodef-m  qodef-icon-with-text qodef-layout--top qodef--custom-icon qodef--circle-frame-enabled qodef-alignment--center\" >\n\t<div class=\"qodef-m-icon-wrapper\">\n\t\t\t\t\t<img decoding=\"async\" width=\"95\" height=\"95\" src=\"https:\/\/jlpimmo.be\/wp-content\/uploads\/2020\/06\/icon-img-1.png\" class=\"attachment-full size-full\" alt=\"e\" \/>\t\t\t\t\t<svg class=\"qodef-svg-circle\">\n\t\t\t<circle cx=\"50%\" cy=\"50%\" r=\"49%\"><\/circle>\n\t\t\t<circle cx=\"50%\" cy=\"50%\" r=\"49%\"><\/circle>\n\t\t<\/svg>\n\t\t\t<\/div>\n\t<div class=\"qodef-m-content\">\n\t\t\t<h5 class=\"qodef-m-title\" style=\"color: #FFFFFF\">\n\t\t\t\t\t<span class=\"qodef-m-title-text\">Construction et R\u00e9novation<\/span>\n\t\t\t<\/h5>\n\t\t\t<p class=\"qodef-m-text\" style=\"color: #B2B2B2\">Pour tous vos projets, notre entreprise met \u00e0 votre disposition une \u00e9quipe de professionnels qualifi\u00e9s et exp\u00e9riment\u00e9s.<\/p>\n\t<\/div>\n<\/div>\t\t<\/div>\n\t\t\t\t<\/div>\n\t\t\t\t<\/div>\n\t\t<div class=\"elementor-element elementor-element-efb7ddc e-con-full e-flex e-con e-child\" data-id=\"efb7ddc\" data-element_type=\"container\" data-settings=\"{&quot;content_width&quot;:&quot;full&quot;}\">\n\t\t\t\t<div class=\"elementor-element elementor-element-21644ec elementor-widget elementor-widget-hendon_core_icon_with_text\" data-id=\"21644ec\" data-element_type=\"widget\" data-widget_type=\"hendon_core_icon_with_text.default\">\n\t\t\t\t<div class=\"elementor-widget-container\">\n\t\t\t<div class=\"qodef-shortcode qodef-m  qodef-icon-with-text qodef-layout--top qodef--custom-icon qodef--circle-frame-enabled qodef-alignment--center\" >\n\t<div class=\"qodef-m-icon-wrapper\">\n\t\t\t\t\t<img loading=\"lazy\" decoding=\"async\" width=\"95\" height=\"95\" src=\"https:\/\/jlpimmo.be\/wp-content\/uploads\/2020\/06\/icon-img-2.png\" class=\"attachment-full size-full\" alt=\"e\" \/>\t\t\t\t\t<svg class=\"qodef-svg-circle\">\n\t\t\t<circle cx=\"50%\" cy=\"50%\" r=\"49%\"><\/circle>\n\t\t\t<circle cx=\"50%\" cy=\"50%\" r=\"49%\"><\/circle>\n\t\t<\/svg>\n\t\t\t<\/div>\n\t<div class=\"qodef-m-content\">\n\t\t\t<h5 class=\"qodef-m-title\" style=\"color: #FFFFFF\">\n\t\t\t\t\t<span class=\"qodef-m-title-text\">Construction \u00e9cologique<\/span>\n\t\t\t<\/h5>\n\t\t\t<p class=\"qodef-m-text\" style=\"color: #B2B2B2\">Nos constructions respectent les normes environnementales les plus strictes, privil\u00e9giant l&#039;utilisation de mat\u00e9riaux \u00e9cologiques et des technologies \u00e9co-\u00e9nerg\u00e9tiques. <\/p>\n\t<\/div>\n<\/div>\t\t<\/div>\n\t\t\t\t<\/div>\n\t\t\t\t<\/div>\n\t\t<div class=\"elementor-element elementor-element-837a197 e-con-full e-flex e-con e-child\" data-id=\"837a197\" data-element_type=\"container\" data-settings=\"{&quot;content_width&quot;:&quot;full&quot;}\">\n\t\t\t\t<div class=\"elementor-element elementor-element-19891b2 elementor-widget elementor-widget-hendon_core_icon_with_text\" data-id=\"19891b2\" data-element_type=\"widget\" data-widget_type=\"hendon_core_icon_with_text.default\">\n\t\t\t\t<div class=\"elementor-widget-container\">\n\t\t\t<div class=\"qodef-shortcode qodef-m  qodef-icon-with-text qodef-layout--top qodef--custom-icon qodef--circle-frame-enabled qodef-alignment--center\" >\n\t<div class=\"qodef-m-icon-wrapper\">\n\t\t\t\t\t<img loading=\"lazy\" decoding=\"async\" width=\"95\" height=\"95\" src=\"https:\/\/jlpimmo.be\/wp-content\/uploads\/2020\/06\/icon-img-3.png\" class=\"attachment-full size-full\" alt=\"e\" \/>\t\t\t\t\t<svg class=\"qodef-svg-circle\">\n\t\t\t<circle cx=\"50%\" cy=\"50%\" r=\"49%\"><\/circle>\n\t\t\t<circle cx=\"50%\" cy=\"50%\" r=\"49%\"><\/circle>\n\t\t<\/svg>\n\t\t\t<\/div>\n\t<div class=\"qodef-m-content\">\n\t\t\t<h5 class=\"qodef-m-title\" style=\"color: #FFFFFF\">\n\t\t\t\t\t<span class=\"qodef-m-title-text\">A votre \u00e9coute<\/span>\n\t\t\t<\/h5>\n\t\t\t<p class=\"qodef-m-text\" style=\"color: #B2B2B2\">Nous accordons une grande importance \u00e0 la communication avec nos clients pour comprendre leurs besoins et leurs attentes et leur offrir des solutions personnalis\u00e9es et adapt\u00e9es \u00e0 leur budget, quel que soit le type de b\u00e2timent.<\/p>\n\t<\/div>\n<\/div>\t\t<\/div>\n\t\t\t\t<\/div>\n\t\t\t\t<\/div>\n\t\t<div class=\"elementor-element elementor-element-a219899 e-con-full e-flex e-con e-child\" data-id=\"a219899\" data-element_type=\"container\" data-settings=\"{&quot;content_width&quot;:&quot;full&quot;}\">\n\t\t\t\t<div class=\"elementor-element elementor-element-c4265dd elementor-widget elementor-widget-hendon_core_icon_with_text\" data-id=\"c4265dd\" data-element_type=\"widget\" data-widget_type=\"hendon_core_icon_with_text.default\">\n\t\t\t\t<div class=\"elementor-widget-container\">\n\t\t\t<div class=\"qodef-shortcode qodef-m  qodef-icon-with-text qodef-layout--top qodef--custom-icon qodef--circle-frame-enabled qodef-alignment--center\" >\n\t<div class=\"qodef-m-icon-wrapper\">\n\t\t\t\t\t<img loading=\"lazy\" decoding=\"async\" width=\"95\" height=\"95\" src=\"https:\/\/jlpimmo.be\/wp-content\/uploads\/2020\/06\/icon-img-4.png\" class=\"attachment-full size-full\" alt=\"e\" \/>\t\t\t\t\t<svg class=\"qodef-svg-circle\">\n\t\t\t<circle cx=\"50%\" cy=\"50%\" r=\"49%\"><\/circle>\n\t\t\t<circle cx=\"50%\" cy=\"50%\" r=\"49%\"><\/circle>\n\t\t<\/svg>\n\t\t\t<\/div>\n\t<div class=\"qodef-m-content\">\n\t\t\t<h5 class=\"qodef-m-title\" style=\"color: #FFFFFF\">\n\t\t\t\t\t<span class=\"qodef-m-title-text\">En Belgique<\/span>\n\t\t\t<\/h5>\n\t\t\t<p class=\"qodef-m-text\" style=\"color: #B2B2B2\">Nous nous d\u00e9pla\u00e7ons avec flexibilit\u00e9 \u00e0 travers toute la Belgique pour vous offrir des services immobiliers sur mesure.<\/p>\n\t<\/div>\n<\/div>\t\t<\/div>\n\t\t\t\t<\/div>\n\t\t\t\t<\/div>\n\t\t<div class=\"elementor-element elementor-element-0c9d825 e-con-full e-flex e-con e-child\" data-id=\"0c9d825\" data-element_type=\"container\" data-settings=\"{&quot;content_width&quot;:&quot;full&quot;}\">\n\t\t\t\t<div class=\"elementor-element elementor-element-38bf672 elementor-widget elementor-widget-hendon_core_icon_with_text\" data-id=\"38bf672\" data-element_type=\"widget\" data-widget_type=\"hendon_core_icon_with_text.default\">\n\t\t\t\t<div class=\"elementor-widget-container\">\n\t\t\t<div class=\"qodef-shortcode qodef-m  qodef-icon-with-text qodef-layout--top qodef--custom-icon qodef--circle-frame-enabled qodef-alignment--center\" >\n\t<div class=\"qodef-m-icon-wrapper\">\n\t\t\t\t\t<img loading=\"lazy\" decoding=\"async\" width=\"95\" height=\"95\" src=\"https:\/\/jlpimmo.be\/wp-content\/uploads\/2020\/06\/icon-img-5.png\" class=\"attachment-full size-full\" alt=\"e\" \/>\t\t\t\t\t<svg class=\"qodef-svg-circle\">\n\t\t\t<circle cx=\"50%\" cy=\"50%\" r=\"49%\"><\/circle>\n\t\t\t<circle cx=\"50%\" cy=\"50%\" r=\"49%\"><\/circle>\n\t\t<\/svg>\n\t\t\t<\/div>\n\t<div class=\"qodef-m-content\">\n\t\t\t<h5 class=\"qodef-m-title\" style=\"color: #FFFFFF\">\n\t\t\t\t\t<span class=\"qodef-m-title-text\">professionnalisme<\/span>\n\t\t\t<\/h5>\n\t\t\t<p class=\"qodef-m-text\" style=\"color: #B2B2B2\">Nos agents qualifi\u00e9s s&#039;engagent \u00e0 fournir un service de haute qualit\u00e9, alliant comp\u00e9tence technique et engagement envers la satisfaction client. <\/p>\n\t<\/div>\n<\/div>\t\t<\/div>\n\t\t\t\t<\/div>\n\t\t\t\t<\/div>\n\t\t<div class=\"elementor-element elementor-element-8196345 e-con-full e-flex e-con e-child\" data-id=\"8196345\" data-element_type=\"container\" data-settings=\"{&quot;content_width&quot;:&quot;full&quot;}\">\n\t\t\t\t<div class=\"elementor-element elementor-element-52907b6 elementor-widget elementor-widget-hendon_core_icon_with_text\" data-id=\"52907b6\" data-element_type=\"widget\" data-widget_type=\"hendon_core_icon_with_text.default\">\n\t\t\t\t<div class=\"elementor-widget-container\">\n\t\t\t<div class=\"qodef-shortcode qodef-m  qodef-icon-with-text qodef-layout--top qodef--custom-icon qodef--circle-frame-enabled qodef-alignment--center\" >\n\t<div class=\"qodef-m-icon-wrapper\">\n\t\t\t\t\t<img loading=\"lazy\" decoding=\"async\" width=\"95\" height=\"95\" src=\"https:\/\/jlpimmo.be\/wp-content\/uploads\/2020\/06\/icon-img-6.png\" class=\"attachment-full size-full\" alt=\"e\" \/>\t\t\t\t\t<svg class=\"qodef-svg-circle\">\n\t\t\t<circle cx=\"50%\" cy=\"50%\" r=\"49%\"><\/circle>\n\t\t\t<circle cx=\"50%\" cy=\"50%\" r=\"49%\"><\/circle>\n\t\t<\/svg>\n\t\t\t<\/div>\n\t<div class=\"qodef-m-content\">\n\t\t\t<h5 class=\"qodef-m-title\" style=\"color: #FFFFFF\">\n\t\t\t\t\t<span class=\"qodef-m-title-text\">Exp\u00e9rience<\/span>\n\t\t\t<\/h5>\n\t\t\t<p class=\"qodef-m-text\" style=\"color: #B2B2B2\">Forts de nombreuses ann\u00e9es d&#039;exp\u00e9rience, notre soci\u00e9t\u00e9 immobili\u00e8re apporte une profonde connaissance du domaine de l&#039;immobilier, garantissant \u00e0 nos clients des conseils \u00e9clair\u00e9s.<\/p>\n\t<\/div>\n<\/div>\t\t<\/div>\n\t\t\t\t<\/div>\n\t\t\t\t<\/div>\n\t\t\t\t\t<\/div>\n\t\t\t\t<\/div>\n\t\t<div class=\"elementor-element elementor-element-39a79c8 e-flex e-con-boxed e-con e-parent\" data-id=\"39a79c8\" data-element_type=\"container\" data-settings=\"{&quot;content_width&quot;:&quot;boxed&quot;}\" data-core-v316-plus=\"true\">\n\t\t\t\t\t<div class=\"e-con-inner\">\n\t\t\t\t<div class=\"elementor-element elementor-element-93e60c0 elementor-widget elementor-widget-spacer\" data-id=\"93e60c0\" data-element_type=\"widget\" data-widget_type=\"spacer.default\">\n\t\t\t\t<div class=\"elementor-widget-container\">\n\t\t\t<style>\/*! elementor - v3.18.0 - 20-12-2023 *\/\n.elementor-column .elementor-spacer-inner{height:var(--spacer-size)}.e-con{--container-widget-width:100%}.e-con-inner>.elementor-widget-spacer,.e-con>.elementor-widget-spacer{width:var(--container-widget-width,var(--spacer-size));--align-self:var(--container-widget-align-self,initial);--flex-shrink:0}.e-con-inner>.elementor-widget-spacer>.elementor-widget-container,.e-con>.elementor-widget-spacer>.elementor-widget-container{height:100%;width:100%}.e-con-inner>.elementor-widget-spacer>.elementor-widget-container>.elementor-spacer,.e-con>.elementor-widget-spacer>.elementor-widget-container>.elementor-spacer{height:100%}.e-con-inner>.elementor-widget-spacer>.elementor-widget-container>.elementor-spacer>.elementor-spacer-inner,.e-con>.elementor-widget-spacer>.elementor-widget-container>.elementor-spacer>.elementor-spacer-inner{height:var(--container-widget-height,var(--spacer-size))}.e-con-inner>.elementor-widget-spacer.elementor-widget-empty,.e-con>.elementor-widget-spacer.elementor-widget-empty{position:relative;min-height:22px;min-width:22px}.e-con-inner>.elementor-widget-spacer.elementor-widget-empty .elementor-widget-empty-icon,.e-con>.elementor-widget-spacer.elementor-widget-empty .elementor-widget-empty-icon{position:absolute;top:0;bottom:0;left:0;right:0;margin:auto;padding:0;width:22px;height:22px}<\/style>\t\t<div class=\"elementor-spacer\">\n\t\t\t<div class=\"elementor-spacer-inner\"><\/div>\n\t\t<\/div>\n\t\t\t\t<\/div>\n\t\t\t\t<\/div>\n\t\t\t\t\t<\/div>\n\t\t\t\t<\/div>\n\t\t<div class=\"elementor-element elementor-element-ddfdc44 e-con-full e-flex e-con e-parent\" data-id=\"ddfdc44\" data-element_type=\"container\" data-settings=\"{&quot;content_width&quot;:&quot;full&quot;,&quot;background_background&quot;:&quot;classic&quot;}\" data-core-v316-plus=\"true\">\n\t\t\t\t<div class=\"elementor-element elementor-element-3b00a1b elementor-widget elementor-widget-heading\" data-id=\"3b00a1b\" data-element_type=\"widget\" data-widget_type=\"heading.default\">\n\t\t\t\t<div class=\"elementor-widget-container\">\n\t\t\t<h3 class=\"elementor-heading-title elementor-size-default\">Nous concr\u00e9tisons votre projets<\/h3>\t\t<\/div>\n\t\t\t\t<\/div>\n\t\t\t\t<\/div>\n\t\t<div class=\"elementor-element elementor-element-833abf9 e-flex e-con-boxed e-con e-parent\" data-id=\"833abf9\" data-element_type=\"container\" data-settings=\"{&quot;content_width&quot;:&quot;boxed&quot;}\" data-core-v316-plus=\"true\">\n\t\t\t\t\t<div class=\"e-con-inner\">\n\t\t\t\t<div class=\"elementor-element elementor-element-2dd7c5c elementor-widget elementor-widget-text-editor\" data-id=\"2dd7c5c\" data-element_type=\"widget\" data-widget_type=\"text-editor.default\">\n\t\t\t\t<div class=\"elementor-widget-container\">\n\t\t\t\t\t\t\t<p><strong>Choisissez l&#8217;excellence avec JLP Immo pour concr\u00e9tiser votre projet immobilier.<\/strong><\/p><p><strong>Nous nous d\u00e9marquons par notre professionnalisme, notre fiabilit\u00e9 et notre d\u00e9vouement \u00e0 la satisfaction de nos clients.<\/strong><\/p><p><strong>Confiez-nous votre vision, nous la concr\u00e9tiserons avec rigueur et expertise.<\/strong><\/p>\t\t\t\t\t\t<\/div>\n\t\t\t\t<\/div>\n\t\t\t\t\t<\/div>\n\t\t\t\t<\/div>\n\t\t<div class=\"elementor-element elementor-element-88e7a28 e-flex e-con-boxed e-con e-parent\" data-id=\"88e7a28\" data-element_type=\"container\" data-settings=\"{&quot;content_width&quot;:&quot;boxed&quot;}\" data-core-v316-plus=\"true\">\n\t\t\t\t\t<div class=\"e-con-inner\">\n\t\t\t\t<div class=\"elementor-element elementor-element-58a766e elementor-align-center elementor-widget elementor-widget-button\" data-id=\"58a766e\" data-element_type=\"widget\" data-widget_type=\"button.default\">\n\t\t\t\t<div class=\"elementor-widget-container\">\n\t\t\t\t\t<div class=\"elementor-button-wrapper\">\n\t\t\t<a class=\"elementor-button elementor-button-link elementor-size-lg\" href=\"https:\/\/jlpimmo.be\/?page_id=1239\">\n\t\t\t\t\t\t<span class=\"elementor-button-content-wrapper\">\n\t\t\t\t\t\t<span class=\"elementor-button-icon elementor-align-icon-left\">\n\t\t\t\t<svg aria-hidden=\"true\" class=\"e-font-icon-svg e-far-envelope\" viewBox=\"0 0 512 512\" xmlns=\"http:\/\/www.w3.org\/2000\/svg\"><path d=\"M464 64H48C21.49 64 0 85.49 0 112v288c0 26.51 21.49 48 48 48h416c26.51 0 48-21.49 48-48V112c0-26.51-21.49-48-48-48zm0 48v40.805c-22.422 18.259-58.168 46.651-134.587 106.49-16.841 13.247-50.201 45.072-73.413 44.701-23.208.375-56.579-31.459-73.413-44.701C106.18 199.465 70.425 171.067 48 152.805V112h416zM48 400V214.398c22.914 18.251 55.409 43.862 104.938 82.646 21.857 17.205 60.134 55.186 103.062 54.955 42.717.231 80.509-37.199 103.053-54.947 49.528-38.783 82.032-64.401 104.947-82.653V400H48z\"><\/path><\/svg>\t\t\t<\/span>\n\t\t\t\t\t\t<span class=\"elementor-button-text\">Nous contacter<\/span>\n\t\t<\/span>\n\t\t\t\t\t<\/a>\n\t\t<\/div>\n\t\t\t\t<\/div>\n\t\t\t\t<\/div>\n\t\t\t\t\t<\/div>\n\t\t\t\t<\/div>\n\t\t\t\t\t\t\t<\/div>\n\t\t","protected":false},"excerpt":{"rendered":"<p>Bloc de 12 appartements 1 et 2 chambres D\u00e9couvrez nos 12 appartements \u00e0 louer, o\u00f9 confort et modernit\u00e9 se rencontrent.Chaque r\u00e9sidence propose chauffage int\u00e9gr\u00e9, 1 \u00e0 2 chambres, des ch\u00e2ssis double vitrage en aluminium, un balcon, et une cuisine enti\u00e8rement \u00e9quip\u00e9e.Construction pr\u00e9vue en 2024, ces espaces offrent une exp\u00e9rience de vie contemporaine et pratique. Trouvez [&hellip;]<\/p>\n","protected":false},"author":1,"featured_media":0,"parent":0,"menu_order":0,"comment_status":"closed","ping_status":"closed","template":"","meta":{"footnotes":""},"class_list":["post-3571","page","type-page","status-publish","hentry"],"_links":{"self":[{"href":"https:\/\/jlpimmo.be\/index.php?rest_route=\/wp\/v2\/pages\/3571","targetHints":{"allow":["GET"]}}],"collection":[{"href":"https:\/\/jlpimmo.be\/index.php?rest_route=\/wp\/v2\/pages"}],"about":[{"href":"https:\/\/jlpimmo.be\/index.php?rest_route=\/wp\/v2\/types\/page"}],"author":[{"embeddable":true,"href":"https:\/\/jlpimmo.be\/index.php?rest_route=\/wp\/v2\/users\/1"}],"replies":[{"embeddable":true,"href":"https:\/\/jlpimmo.be\/index.php?rest_route=%2Fwp%2Fv2%2Fcomments&post=3571"}],"version-history":[{"count":61,"href":"https:\/\/jlpimmo.be\/index.php?rest_route=\/wp\/v2\/pages\/3571\/revisions"}],"predecessor-version":[{"id":4623,"href":"https:\/\/jlpimmo.be\/index.php?rest_route=\/wp\/v2\/pages\/3571\/revisions\/4623"}],"wp:attachment":[{"href":"https:\/\/jlpimmo.be\/index.php?rest_route=%2Fwp%2Fv2%2Fmedia&parent=3571"}],"curies":[{"name":"wp","href":"https:\/\/api.w.org\/{rel}","templated":true}]}}